{"id":79,"date":"2015-10-24T22:42:49","date_gmt":"2015-10-24T22:42:49","guid":{"rendered":"http:\/\/goals.zeevo.ro\/de\/?page_id=79"},"modified":"2015-10-28T10:45:33","modified_gmt":"2015-10-28T09:45:33","slug":"projekt-management","status":"publish","type":"page","link":"https:\/\/goals.ch\/de\/projekt-management\/","title":{"rendered":"Projekt-Management"},"content":{"rendered":"<div id=\"pl-79\"  class=\"panel-layout\" ><div id=\"pg-79-0\"  class=\"panel-grid panel-no-style\" ><div id=\"pgc-79-0-0\"  class=\"panel-grid-cell\" ><div id=\"panel-79-0-0-0\" class=\"so-panel widget widget_sow-editor panel-first-child\" data-index=\"0\" ><div\n\t\t\t\n\t\t\tclass=\"so-widget-sow-editor so-widget-sow-editor-base\"\n\t\t\t\n\t\t>\n<div class=\"siteorigin-widget-tinymce textwidget\">\n\t<h1>Projekt-Management<\/h1>\n<hr \/>\n<p>Sie m\u00f6chten einen Engpass in Ihrem Team \u00fcberbr\u00fccken?<br \/>F\u00fcr die LifeScience-Industrie implementiert <strong>GOALS<\/strong> L\u00f6sungen und<br \/>treibt Ihre Schl\u00fcsselprojekte ad interim voran:<\/p>\n<ul>\n<li>Marketing &amp; Management<\/li>\n<li>Medical Affairs<\/li>\n<li>Verkauf<\/li>\n<li>Training<\/li>\n<li>Produkt-Launches und Lifecycle-Management<\/li>\n<\/ul>\n<p>\u00a0<\/p>\n<\/div>\n<\/div><\/div><div id=\"panel-79-0-0-1\" class=\"so-panel widget widget_sow-slider panel-last-child\" data-index=\"1\" ><div\n\t\t\t\n\t\t\tclass=\"so-widget-sow-slider so-widget-sow-slider-default-6d39609536fd-79\"\n\t\t\t\n\t\t>\t\t\t\t<div class=\"sow-slider-base\" style=\"display: none\" tabindex=\"0\">\n\t\t\t\t\t<ul\n\t\t\t\t\tclass=\"sow-slider-images\"\n\t\t\t\t\tdata-settings=\"{&quot;pagination&quot;:true,&quot;speed&quot;:800,&quot;timeout&quot;:5000,&quot;paused&quot;:false,&quot;pause_on_hover&quot;:false,&quot;swipe&quot;:true,&quot;nav_always_show_desktop&quot;:&quot;&quot;,&quot;nav_always_show_mobile&quot;:&quot;&quot;,&quot;breakpoint&quot;:&quot;780px&quot;,&quot;unmute&quot;:false,&quot;anchor&quot;:null}\"\n\t\t\t\t\t\t\t\t\t\tdata-anchor-id=\"\"\n\t\t\t\t>\t\t<li class=\"sow-slider-image\" style=\"visibility: visible;;background-color: #ffffff\" >\n\t\t\t\t\t\t<div class=\"sow-slider-image-container\">\n\t\t\t\t<div class=\"sow-slider-image-wrapper\" style=\"max-width: 678px\">\n\t\t\t\t\t\t\t\t\t\t<div class=\"sow-slider-image-foreground-wrapper\">\n\t\t\t\t\t\t<img width=\"678\" height=\"246\" src=\"https:\/\/goals.ch\/wp-content\/uploads\/2015\/10\/Q01.jpg\" class=\"sow-slider-foreground-image\" alt=\"\" decoding=\"async\" loading=\"lazy\" style=\"\" srcset=\"https:\/\/goals.ch\/wp-content\/uploads\/2015\/10\/Q01.jpg 678w, https:\/\/goals.ch\/wp-content\/uploads\/2015\/10\/Q01-300x109.jpg 300w\" sizes=\"(max-width: 678px) 100vw, 678px\" \/>\t\t\t\t\t<\/div>\n\t\t\t\t\t\t\t\t\t<\/div>\n\t\t\t<\/div>\n\t\t\t\t\t<\/li>\n\t\t\t\t<li class=\"sow-slider-image\" style=\"visibility: hidden;;background-color: #ffffff\" >\n\t\t\t\t\t\t<div class=\"sow-slider-image-container\">\n\t\t\t\t<div class=\"sow-slider-image-wrapper\" style=\"max-width: 678px\">\n\t\t\t\t\t\t\t\t\t\t<div class=\"sow-slider-image-foreground-wrapper\">\n\t\t\t\t\t\t<img width=\"678\" height=\"246\" src=\"https:\/\/goals.ch\/wp-content\/uploads\/2015\/10\/Q01E.jpg\" class=\"sow-slider-foreground-image\" alt=\"\" decoding=\"async\" loading=\"lazy\" style=\"\" srcset=\"https:\/\/goals.ch\/wp-content\/uploads\/2015\/10\/Q01E.jpg 678w, https:\/\/goals.ch\/wp-content\/uploads\/2015\/10\/Q01E-300x109.jpg 300w\" sizes=\"(max-width: 678px) 100vw, 678px\" \/>\t\t\t\t\t<\/div>\n\t\t\t\t\t\t\t\t\t<\/div>\n\t\t\t<\/div>\n\t\t\t\t\t<\/li>\n\t\t<\/ul>\t\t\t\t<ol class=\"sow-slider-pagination\">\n\t\t\t\t\t\t\t\t\t\t\t<li><a href=\"#\" data-goto=\"0\" aria-label=\"Display slide 1\"><\/a><\/li>\n\t\t\t\t\t\t\t\t\t\t\t<li><a href=\"#\" data-goto=\"1\" aria-label=\"Display slide 2\"><\/a><\/li>\n\t\t\t\t\t\t\t\t\t<\/ol>\n\n\t\t\t\t<div class=\"sow-slide-nav sow-slide-nav-next\">\n\t\t\t\t\t<a href=\"#\" data-goto=\"next\" aria-label=\"Next slide\" data-action=\"next\">\n\t\t\t\t\t\t<em class=\"sow-sld-icon-thin-right\"><\/em>\n\t\t\t\t\t<\/a>\n\t\t\t\t<\/div>\n\n\t\t\t\t<div class=\"sow-slide-nav sow-slide-nav-prev\">\n\t\t\t\t\t<a href=\"#\" data-goto=\"previous\" aria-label=\"Previous slide\" data-action=\"prev\">\n\t\t\t\t\t\t<em class=\"sow-sld-icon-thin-left\"><\/em>\n\t\t\t\t\t<\/a>\n\t\t\t\t<\/div>\n\t\t\t\t<\/div><\/div><\/div><\/div><\/div><\/div>","protected":false},"excerpt":{"rendered":"<p>Projekt-ManagementSie m\u00f6chten einen Engpass in Ihrem Team \u00fcberbr\u00fccken?F\u00fcr die LifeScience-Industrie implementiert GOALS L\u00f6sungen undtreibt Ihre Schl\u00fcsselprojekte ad interim voran:Marketing &amp; ManagementMedical AffairsVerkaufTrainingProdukt-Launches und Lifecycle-Management\u00a0<\/p>\n","protected":false},"author":1,"featured_media":0,"parent":0,"menu_order":0,"comment_status":"closed","ping_status":"closed","template":"","meta":[],"acf":[],"_links":{"self":[{"href":"https:\/\/goals.ch\/de\/wp-json\/wp\/v2\/pages\/79"}],"collection":[{"href":"https:\/\/goals.ch\/de\/wp-json\/wp\/v2\/pages"}],"about":[{"href":"https:\/\/goals.ch\/de\/wp-json\/wp\/v2\/types\/page"}],"author":[{"embeddable":true,"href":"https:\/\/goals.ch\/de\/wp-json\/wp\/v2\/users\/1"}],"replies":[{"embeddable":true,"href":"https:\/\/goals.ch\/de\/wp-json\/wp\/v2\/comments?post=79"}],"version-history":[{"count":19,"href":"https:\/\/goals.ch\/de\/wp-json\/wp\/v2\/pages\/79\/revisions"}],"predecessor-version":[{"id":218,"href":"https:\/\/goals.ch\/de\/wp-json\/wp\/v2\/pages\/79\/revisions\/218"}],"wp:attachment":[{"href":"https:\/\/goals.ch\/de\/wp-json\/wp\/v2\/media?parent=79"}],"curies":[{"name":"wp","href":"https:\/\/api.w.org\/{rel}","templated":true}]}}